{"id":10,"date":"2024-08-30T17:39:15","date_gmt":"2024-08-30T17:39:15","guid":{"rendered":"https:\/\/www.derskolay.com\/?page_id=10"},"modified":"2024-11-25T10:22:39","modified_gmt":"2024-11-25T10:22:39","slug":"uygulamayi-indir","status":"publish","type":"page","link":"https:\/\/derskolay.com\/blog\/uygulamayi-indir\/","title":{"rendered":"Uygulamay\u0131 \u0130ndir"},"content":{"rendered":"\n<figure class=\"wp-block-image size-large is-resized\"><img decoding=\"async\" src=\"https:\/\/www.derskolay.com\/blog\/wp-content\/uploads\/2024\/10\/Playstore-Featured-Graphic-Banner-White-BG1024500.png\" alt=\"\" style=\"width:840px;height:auto\"\/><\/figure>\n\n\n\n<p><\/p>\n\n\n\n<div class=\"flex gap-4 items-center justify-center max-sm:flex-col max-sm:items-start\">\n            <a class=\"w-full h-16 bg-primary flex rounded-lg items-center justify-center cursor-pointer max-sm:w-full\" href=\"https:\/\/play.google.com\/store\/apps\/details?id=com.derskolay.app\" target=\"_blank\" rel=\"noopener\">\n                <img decoding=\"async\" src=\"https:\/\/www.derskolay.com\/blog\/wp-content\/themes\/s\/assets\/images\/google-play-badge.svg\" alt=\"Google Play\">\n            <\/a>\n            <a class=\"w-full h-16 bg-primary flex rounded-lg items-center justify-center cursor-pointer max-sm:w-full\" href=\"https:\/\/apps.apple.com\/tr\/app\/ders-kolay\/id6670328519?l=tr\" target=\"_blank\" rel=\"noopener\">\n                <img decoding=\"async\" src=\"https:\/\/www.derskolay.com\/blog\/wp-content\/themes\/s\/assets\/images\/app-store-badge.svg\" alt=\"App Store\">\n            <\/a>\n        <\/div>\n\n\n\n<p><\/p>\n\n\n\n<figure class=\"wp-block-gallery has-nested-images columns-default is-cropped wp-block-gallery-1 is-layout-flex wp-block-gallery-is-layout-flex\">\n<figure class=\"wp-block-image size-large\"><img decoding=\"async\" src=\"https:\/\/www.derskolay.com\/blog\/wp-content\/uploads\/2024\/10\/5.5-Appstore-Screenshots-1-576x1024.png\" alt=\"\"\/><\/figure>\n\n\n\n<figure class=\"wp-block-image size-large\"><img decoding=\"async\" src=\"https:\/\/www.derskolay.com\/blog\/wp-content\/uploads\/2024\/10\/5.5-Appstore-Screenshots-2-576x1024.png\" alt=\"\"\/><\/figure>\n\n\n\n<figure class=\"wp-block-image size-large\"><img decoding=\"async\" src=\"https:\/\/www.derskolay.com\/blog\/wp-content\/uploads\/2024\/10\/5.5-Appstore-Screenshots-3-576x1024.png\" alt=\"\"\/><\/figure>\n<\/figure>\n","protected":false},"excerpt":{"rendered":"","protected":false},"author":1,"featured_media":0,"parent":0,"menu_order":0,"comment_status":"closed","ping_status":"closed","template":"","meta":{"footnotes":""},"class_list":["post-10","page","type-page","status-publish","hentry"],"yoast_head":"<!-- This site is optimized with the Yoast SEO Premium plugin v23.5 (Yoast SEO v25.0) - https:\/\/yoast.com\/wordpress\/plugins\/seo\/ -->\n<title>Uygulamay\u0131 \u0130ndir - Ders Kolay<\/title>\n<meta name=\"robots\" content=\"index, follow, max-snippet:-1, max-image-preview:large, max-video-preview:-1\" \/>\n<link rel=\"canonical\" href=\"https:\/\/derskolay.com\/blog\/uygulamayi-indir\/\" \/>\n<meta property=\"og:locale\" content=\"tr_TR\" \/>\n<meta property=\"og:type\" content=\"article\" \/>\n<meta property=\"og:title\" content=\"Uygulamay\u0131 \u0130ndir\" \/>\n<meta property=\"og:url\" content=\"https:\/\/derskolay.com\/blog\/uygulamayi-indir\/\" \/>\n<meta property=\"og:site_name\" content=\"Ders Kolay\" \/>\n<meta property=\"article:modified_time\" content=\"2024-11-25T10:22:39+00:00\" \/>\n<meta property=\"og:image\" content=\"https:\/\/www.derskolay.com\/blog\/wp-content\/uploads\/2024\/10\/Playstore-Featured-Graphic-Banner-White-BG1024500.png\" \/>\n<meta name=\"twitter:card\" content=\"summary_large_image\" \/>\n<meta name=\"twitter:label1\" content=\"Tahmini okuma s\u00fcresi\" \/>\n\t<meta name=\"twitter:data1\" content=\"2 dakika\" \/>\n<script type=\"application\/ld+json\" class=\"yoast-schema-graph\">{\"@context\":\"https:\/\/schema.org\",\"@graph\":[{\"@type\":\"WebPage\",\"@id\":\"https:\/\/derskolay.com\/blog\/uygulamayi-indir\/\",\"url\":\"https:\/\/derskolay.com\/blog\/uygulamayi-indir\/\",\"name\":\"Uygulamay\u0131 \u0130ndir - Ders Kolay\",\"isPartOf\":{\"@id\":\"https:\/\/derskolay.com\/blog\/#website\"},\"primaryImageOfPage\":{\"@id\":\"https:\/\/derskolay.com\/blog\/uygulamayi-indir\/#primaryimage\"},\"image\":{\"@id\":\"https:\/\/derskolay.com\/blog\/uygulamayi-indir\/#primaryimage\"},\"thumbnailUrl\":\"https:\/\/www.derskolay.com\/blog\/wp-content\/uploads\/2024\/10\/Playstore-Featured-Graphic-Banner-White-BG1024500.png\",\"datePublished\":\"2024-08-30T17:39:15+00:00\",\"dateModified\":\"2024-11-25T10:22:39+00:00\",\"breadcrumb\":{\"@id\":\"https:\/\/derskolay.com\/blog\/uygulamayi-indir\/#breadcrumb\"},\"inLanguage\":\"tr\",\"potentialAction\":[{\"@type\":\"ReadAction\",\"target\":[\"https:\/\/derskolay.com\/blog\/uygulamayi-indir\/\"]}]},{\"@type\":\"ImageObject\",\"inLanguage\":\"tr\",\"@id\":\"https:\/\/derskolay.com\/blog\/uygulamayi-indir\/#primaryimage\",\"url\":\"https:\/\/www.derskolay.com\/blog\/wp-content\/uploads\/2024\/10\/Playstore-Featured-Graphic-Banner-White-BG1024500.png\",\"contentUrl\":\"https:\/\/www.derskolay.com\/blog\/wp-content\/uploads\/2024\/10\/Playstore-Featured-Graphic-Banner-White-BG1024500.png\"},{\"@type\":\"BreadcrumbList\",\"@id\":\"https:\/\/derskolay.com\/blog\/uygulamayi-indir\/#breadcrumb\",\"itemListElement\":[{\"@type\":\"ListItem\",\"position\":1,\"name\":\"Home\",\"item\":\"https:\/\/derskolay.com\/blog\/\"},{\"@type\":\"ListItem\",\"position\":2,\"name\":\"Uygulamay\u0131 \u0130ndir\"}]},{\"@type\":\"WebSite\",\"@id\":\"https:\/\/derskolay.com\/blog\/#website\",\"url\":\"https:\/\/derskolay.com\/blog\/\",\"name\":\"Ders Kolay\",\"description\":\"Ehliyetiniz c\u00fczdan\u0131n\u0131zda kalmas\u0131n!\",\"potentialAction\":[{\"@type\":\"SearchAction\",\"target\":{\"@type\":\"EntryPoint\",\"urlTemplate\":\"https:\/\/derskolay.com\/blog\/?s={search_term_string}\"},\"query-input\":{\"@type\":\"PropertyValueSpecification\",\"valueRequired\":true,\"valueName\":\"search_term_string\"}}],\"inLanguage\":\"tr\"}]}<\/script>\n<!-- \/ Yoast SEO Premium plugin. -->","yoast_head_json":{"title":"Uygulamay\u0131 \u0130ndir - Ders Kolay","robots":{"index":"index","follow":"follow","max-snippet":"max-snippet:-1","max-image-preview":"max-image-preview:large","max-video-preview":"max-video-preview:-1"},"canonical":"https:\/\/derskolay.com\/blog\/uygulamayi-indir\/","og_locale":"tr_TR","og_type":"article","og_title":"Uygulamay\u0131 \u0130ndir","og_url":"https:\/\/derskolay.com\/blog\/uygulamayi-indir\/","og_site_name":"Ders Kolay","article_modified_time":"2024-11-25T10:22:39+00:00","og_image":[{"url":"https:\/\/www.derskolay.com\/blog\/wp-content\/uploads\/2024\/10\/Playstore-Featured-Graphic-Banner-White-BG1024500.png","type":"","width":"","height":""}],"twitter_card":"summary_large_image","twitter_misc":{"Tahmini okuma s\u00fcresi":"2 dakika"},"schema":{"@context":"https:\/\/schema.org","@graph":[{"@type":"WebPage","@id":"https:\/\/derskolay.com\/blog\/uygulamayi-indir\/","url":"https:\/\/derskolay.com\/blog\/uygulamayi-indir\/","name":"Uygulamay\u0131 \u0130ndir - Ders Kolay","isPartOf":{"@id":"https:\/\/derskolay.com\/blog\/#website"},"primaryImageOfPage":{"@id":"https:\/\/derskolay.com\/blog\/uygulamayi-indir\/#primaryimage"},"image":{"@id":"https:\/\/derskolay.com\/blog\/uygulamayi-indir\/#primaryimage"},"thumbnailUrl":"https:\/\/www.derskolay.com\/blog\/wp-content\/uploads\/2024\/10\/Playstore-Featured-Graphic-Banner-White-BG1024500.png","datePublished":"2024-08-30T17:39:15+00:00","dateModified":"2024-11-25T10:22:39+00:00","breadcrumb":{"@id":"https:\/\/derskolay.com\/blog\/uygulamayi-indir\/#breadcrumb"},"inLanguage":"tr","potentialAction":[{"@type":"ReadAction","target":["https:\/\/derskolay.com\/blog\/uygulamayi-indir\/"]}]},{"@type":"ImageObject","inLanguage":"tr","@id":"https:\/\/derskolay.com\/blog\/uygulamayi-indir\/#primaryimage","url":"https:\/\/www.derskolay.com\/blog\/wp-content\/uploads\/2024\/10\/Playstore-Featured-Graphic-Banner-White-BG1024500.png","contentUrl":"https:\/\/www.derskolay.com\/blog\/wp-content\/uploads\/2024\/10\/Playstore-Featured-Graphic-Banner-White-BG1024500.png"},{"@type":"BreadcrumbList","@id":"https:\/\/derskolay.com\/blog\/uygulamayi-indir\/#breadcrumb","itemListElement":[{"@type":"ListItem","position":1,"name":"Home","item":"https:\/\/derskolay.com\/blog\/"},{"@type":"ListItem","position":2,"name":"Uygulamay\u0131 \u0130ndir"}]},{"@type":"WebSite","@id":"https:\/\/derskolay.com\/blog\/#website","url":"https:\/\/derskolay.com\/blog\/","name":"Ders Kolay","description":"Ehliyetiniz c\u00fczdan\u0131n\u0131zda kalmas\u0131n!","potentialAction":[{"@type":"SearchAction","target":{"@type":"EntryPoint","urlTemplate":"https:\/\/derskolay.com\/blog\/?s={search_term_string}"},"query-input":{"@type":"PropertyValueSpecification","valueRequired":true,"valueName":"search_term_string"}}],"inLanguage":"tr"}]}},"_links":{"self":[{"href":"https:\/\/derskolay.com\/blog\/wp-json\/wp\/v2\/pages\/10","targetHints":{"allow":["GET"]}}],"collection":[{"href":"https:\/\/derskolay.com\/blog\/wp-json\/wp\/v2\/pages"}],"about":[{"href":"https:\/\/derskolay.com\/blog\/wp-json\/wp\/v2\/types\/page"}],"author":[{"embeddable":true,"href":"https:\/\/derskolay.com\/blog\/wp-json\/wp\/v2\/users\/1"}],"replies":[{"embeddable":true,"href":"https:\/\/derskolay.com\/blog\/wp-json\/wp\/v2\/comments?post=10"}],"version-history":[{"count":12,"href":"https:\/\/derskolay.com\/blog\/wp-json\/wp\/v2\/pages\/10\/revisions"}],"predecessor-version":[{"id":246,"href":"https:\/\/derskolay.com\/blog\/wp-json\/wp\/v2\/pages\/10\/revisions\/246"}],"wp:attachment":[{"href":"https:\/\/derskolay.com\/blog\/wp-json\/wp\/v2\/media?parent=10"}],"curies":[{"name":"wp","href":"https:\/\/api.w.org\/{rel}","templated":true}]}}