{"id":8,"date":"2024-08-30T17:39:06","date_gmt":"2024-08-30T17:39:06","guid":{"rendered":"https:\/\/www.derskolay.com\/?page_id=8"},"modified":"2024-10-01T18:53:53","modified_gmt":"2024-10-01T18:53:53","slug":"contact","status":"publish","type":"page","link":"https:\/\/derskolay.com\/blog\/contact\/","title":{"rendered":"\u0130leti\u015fim"},"content":{"rendered":"\n<p>Her t\u00fcrl\u00fc bilgi, talep, ve \u00f6neri i\u00e7in <strong>info@derskolay.com<\/strong> adresimize mail atabilir veya \u202a<strong>+90\u00a0850\u00a0305\u00a09938\u202c<\/strong> kurumsal ileti\u015fim hatt\u0131m\u0131z \u00fczerinden bizimle ileti\u015fim kurabilirsiniz.<br><br><br><br>DERS KOLAY E\u011e\u0130T\u0130M DANI\u015eMANLIK SANAY\u0130 VE T\u0130CARET L\u0130M\u0130TED \u015e\u0130RKET\u0130<br>NO:26-28B, YE\u015e\u0130LPINAR MAHALLES\u0130, G\u0130RNE CADDES\u0130, EY\u00dcPSULTAN \u0130STANBUL 34065<br><\/p>\n\n\n\n<p><\/p>\n\n\n\n<p>+90&nbsp;850&nbsp;305&nbsp;9938\u202c <br><a href=\"mailto:info@derskolay.com\">info@derskolay.com<\/a><br><\/p>\n\n\n\n<p><\/p>\n","protected":false},"excerpt":{"rendered":"<p>Her t\u00fcrl\u00fc bilgi, talep, ve \u00f6neri i\u00e7in info@derskolay.com adresimize mail atabilir veya \u202a+90\u00a0850\u00a0305\u00a09938\u202c kurumsal ileti\u015fim hatt\u0131m\u0131z \u00fczerinden bizimle ileti\u015fim kurabilirsiniz. DERS KOLAY E\u011e\u0130T\u0130M DANI\u015eMANLIK SANAY\u0130 VE T\u0130CARET L\u0130M\u0130TED \u015e\u0130RKET\u0130NO:26-28B, YE\u015e\u0130LPINAR MAHALLES\u0130, G\u0130RNE CADDES\u0130, EY\u00dcPSULTAN \u0130STANBUL 34065 +90&nbsp;850&nbsp;305&nbsp;9938\u202c info@derskolay.com<\/p>\n","protected":false},"author":1,"featured_media":0,"parent":0,"menu_order":0,"comment_status":"closed","ping_status":"closed","template":"","meta":{"footnotes":""},"class_list":["post-8","page","type-page","status-publish","hentry"],"yoast_head":"<!-- This site is optimized with the Yoast SEO Premium plugin v23.5 (Yoast SEO v25.0) - https:\/\/yoast.com\/wordpress\/plugins\/seo\/ -->\n<title>\u0130leti\u015fim - Ders Kolay<\/title>\n<meta name=\"robots\" content=\"index, follow, max-snippet:-1, max-image-preview:large, max-video-preview:-1\" \/>\n<link rel=\"canonical\" href=\"https:\/\/derskolay.com\/blog\/contact\/\" \/>\n<meta property=\"og:locale\" content=\"tr_TR\" \/>\n<meta property=\"og:type\" content=\"article\" \/>\n<meta property=\"og:title\" content=\"\u0130leti\u015fim\" \/>\n<meta property=\"og:description\" content=\"Her t\u00fcrl\u00fc bilgi, talep, ve \u00f6neri i\u00e7in info@derskolay.com adresimize mail atabilir veya \u202a+90\u00a0850\u00a0305\u00a09938\u202c kurumsal ileti\u015fim hatt\u0131m\u0131z \u00fczerinden bizimle ileti\u015fim kurabilirsiniz. DERS KOLAY E\u011e\u0130T\u0130M DANI\u015eMANLIK SANAY\u0130 VE T\u0130CARET L\u0130M\u0130TED \u015e\u0130RKET\u0130NO:26-28B, YE\u015e\u0130LPINAR MAHALLES\u0130, G\u0130RNE CADDES\u0130, EY\u00dcPSULTAN \u0130STANBUL 34065 +90&nbsp;850&nbsp;305&nbsp;9938\u202c info@derskolay.com\" \/>\n<meta property=\"og:url\" content=\"https:\/\/derskolay.com\/blog\/contact\/\" \/>\n<meta property=\"og:site_name\" content=\"Ders Kolay\" \/>\n<meta property=\"article:modified_time\" content=\"2024-10-01T18:53:53+00:00\" \/>\n<meta name=\"twitter:card\" content=\"summary_large_image\" \/>\n<script type=\"application\/ld+json\" class=\"yoast-schema-graph\">{\"@context\":\"https:\/\/schema.org\",\"@graph\":[{\"@type\":\"WebPage\",\"@id\":\"https:\/\/derskolay.com\/blog\/contact\/\",\"url\":\"https:\/\/derskolay.com\/blog\/contact\/\",\"name\":\"\u0130leti\u015fim - Ders Kolay\",\"isPartOf\":{\"@id\":\"https:\/\/derskolay.com\/blog\/#website\"},\"datePublished\":\"2024-08-30T17:39:06+00:00\",\"dateModified\":\"2024-10-01T18:53:53+00:00\",\"breadcrumb\":{\"@id\":\"https:\/\/derskolay.com\/blog\/contact\/#breadcrumb\"},\"inLanguage\":\"tr\",\"potentialAction\":[{\"@type\":\"ReadAction\",\"target\":[\"https:\/\/derskolay.com\/blog\/contact\/\"]}]},{\"@type\":\"BreadcrumbList\",\"@id\":\"https:\/\/derskolay.com\/blog\/contact\/#breadcrumb\",\"itemListElement\":[{\"@type\":\"ListItem\",\"position\":1,\"name\":\"Home\",\"item\":\"https:\/\/derskolay.com\/blog\/\"},{\"@type\":\"ListItem\",\"position\":2,\"name\":\"\u0130leti\u015fim\"}]},{\"@type\":\"WebSite\",\"@id\":\"https:\/\/derskolay.com\/blog\/#website\",\"url\":\"https:\/\/derskolay.com\/blog\/\",\"name\":\"Ders Kolay\",\"description\":\"Ehliyetiniz c\u00fczdan\u0131n\u0131zda kalmas\u0131n!\",\"potentialAction\":[{\"@type\":\"SearchAction\",\"target\":{\"@type\":\"EntryPoint\",\"urlTemplate\":\"https:\/\/derskolay.com\/blog\/?s={search_term_string}\"},\"query-input\":{\"@type\":\"PropertyValueSpecification\",\"valueRequired\":true,\"valueName\":\"search_term_string\"}}],\"inLanguage\":\"tr\"}]}<\/script>\n<!-- \/ Yoast SEO Premium plugin. -->","yoast_head_json":{"title":"\u0130leti\u015fim - Ders Kolay","robots":{"index":"index","follow":"follow","max-snippet":"max-snippet:-1","max-image-preview":"max-image-preview:large","max-video-preview":"max-video-preview:-1"},"canonical":"https:\/\/derskolay.com\/blog\/contact\/","og_locale":"tr_TR","og_type":"article","og_title":"\u0130leti\u015fim","og_description":"Her t\u00fcrl\u00fc bilgi, talep, ve \u00f6neri i\u00e7in info@derskolay.com adresimize mail atabilir veya \u202a+90\u00a0850\u00a0305\u00a09938\u202c kurumsal ileti\u015fim hatt\u0131m\u0131z \u00fczerinden bizimle ileti\u015fim kurabilirsiniz. DERS KOLAY E\u011e\u0130T\u0130M DANI\u015eMANLIK SANAY\u0130 VE T\u0130CARET L\u0130M\u0130TED \u015e\u0130RKET\u0130NO:26-28B, YE\u015e\u0130LPINAR MAHALLES\u0130, G\u0130RNE CADDES\u0130, EY\u00dcPSULTAN \u0130STANBUL 34065 +90&nbsp;850&nbsp;305&nbsp;9938\u202c info@derskolay.com","og_url":"https:\/\/derskolay.com\/blog\/contact\/","og_site_name":"Ders Kolay","article_modified_time":"2024-10-01T18:53:53+00:00","twitter_card":"summary_large_image","schema":{"@context":"https:\/\/schema.org","@graph":[{"@type":"WebPage","@id":"https:\/\/derskolay.com\/blog\/contact\/","url":"https:\/\/derskolay.com\/blog\/contact\/","name":"\u0130leti\u015fim - Ders Kolay","isPartOf":{"@id":"https:\/\/derskolay.com\/blog\/#website"},"datePublished":"2024-08-30T17:39:06+00:00","dateModified":"2024-10-01T18:53:53+00:00","breadcrumb":{"@id":"https:\/\/derskolay.com\/blog\/contact\/#breadcrumb"},"inLanguage":"tr","potentialAction":[{"@type":"ReadAction","target":["https:\/\/derskolay.com\/blog\/contact\/"]}]},{"@type":"BreadcrumbList","@id":"https:\/\/derskolay.com\/blog\/contact\/#breadcrumb","itemListElement":[{"@type":"ListItem","position":1,"name":"Home","item":"https:\/\/derskolay.com\/blog\/"},{"@type":"ListItem","position":2,"name":"\u0130leti\u015fim"}]},{"@type":"WebSite","@id":"https:\/\/derskolay.com\/blog\/#website","url":"https:\/\/derskolay.com\/blog\/","name":"Ders Kolay","description":"Ehliyetiniz c\u00fczdan\u0131n\u0131zda kalmas\u0131n!","potentialAction":[{"@type":"SearchAction","target":{"@type":"EntryPoint","urlTemplate":"https:\/\/derskolay.com\/blog\/?s={search_term_string}"},"query-input":{"@type":"PropertyValueSpecification","valueRequired":true,"valueName":"search_term_string"}}],"inLanguage":"tr"}]}},"_links":{"self":[{"href":"https:\/\/derskolay.com\/blog\/wp-json\/wp\/v2\/pages\/8","targetHints":{"allow":["GET"]}}],"collection":[{"href":"https:\/\/derskolay.com\/blog\/wp-json\/wp\/v2\/pages"}],"about":[{"href":"https:\/\/derskolay.com\/blog\/wp-json\/wp\/v2\/types\/page"}],"author":[{"embeddable":true,"href":"https:\/\/derskolay.com\/blog\/wp-json\/wp\/v2\/users\/1"}],"replies":[{"embeddable":true,"href":"https:\/\/derskolay.com\/blog\/wp-json\/wp\/v2\/comments?post=8"}],"version-history":[{"count":9,"href":"https:\/\/derskolay.com\/blog\/wp-json\/wp\/v2\/pages\/8\/revisions"}],"predecessor-version":[{"id":212,"href":"https:\/\/derskolay.com\/blog\/wp-json\/wp\/v2\/pages\/8\/revisions\/212"}],"wp:attachment":[{"href":"https:\/\/derskolay.com\/blog\/wp-json\/wp\/v2\/media?parent=8"}],"curies":[{"name":"wp","href":"https:\/\/api.w.org\/{rel}","templated":true}]}}